{"id":2055,"date":"2020-08-25T08:39:31","date_gmt":"2020-08-25T08:39:31","guid":{"rendered":"https:\/\/autentus.eu\/checkout-2\/"},"modified":"2022-05-27T10:06:05","modified_gmt":"2022-05-27T07:06:05","slug":"uzsakymas","status":"publish","type":"page","link":"https:\/\/autentus.eu\/en\/uzsakymas\/","title":{"rendered":"Order"},"content":{"rendered":"<div data-elementor-type=\"wp-page\" data-elementor-id=\"2055\" class=\"elementor elementor-2055\">\n\t\t\t\t\t\t<section class=\"elementor-section elementor-top-section elementor-element elementor-element-58dd74c elementor-section-stretched elementor-section-boxed elementor-section-height-default elementor-section-height-default elementor-invisible\" data-id=\"58dd74c\" data-element_type=\"section\" data-settings=\"{&quot;stretch_section&quot;:&quot;section-stretched&quot;,&quot;background_background&quot;:&quot;classic&quot;,&quot;animation&quot;:&quot;fadeIn&quot;}\">\n\t\t\t\t\t\t<div class=\"elementor-container elementor-column-gap-default\">\n\t\t\t\t\t<div class=\"elementor-column elementor-col-100 elementor-top-column elementor-element elementor-element-886e62d\" data-id=\"886e62d\" data-element_type=\"column\">\n\t\t\t<div class=\"elementor-widget-wrap elementor-element-populated\">\n\t\t\t\t\t\t<div class=\"elementor-element elementor-element-11e06bf elementor-widget__width-auto elementor-view-default elementor-widget elementor-widget-icon\" data-id=\"11e06bf\" data-element_type=\"widget\" data-widget_type=\"icon.default\">\n\t\t\t\t<div class=\"elementor-widget-container\">\n\t\t\t\t\t<div class=\"elementor-icon-wrapper\">\n\t\t\t<div class=\"elementor-icon\">\n\t\t\t<svg xmlns=\"http:\/\/www.w3.org\/2000\/svg\" xmlns:xlink=\"http:\/\/www.w3.org\/1999\/xlink\" id=\"Layer_1\" x=\"0px\" y=\"0px\" viewbox=\"0 0 56.3 54.6\" style=\"enable-background:new 0 0 56.3 54.6;\" xml:space=\"preserve\"><style type=\"text\/css\">\t.st0{display:none;}\t.st1{display:inline;}\t.st2{fill:#254556;}\t.st3{fill:#244456;}<\/style><g class=\"st0\">\t<g class=\"st1\">\t\t<path class=\"st2\" d=\"M34.7,48.2v-6.7h11c0.5,0,0.8-0.4,0.8-0.8c0-0.4-0.4-0.8-0.8-0.8H22c-5.1,0-9.3-4.2-9.3-9.3   c0-4.5,3.3-8.3,7.6-9.1c1.1,1.2,2.6,2,4.4,2c0.4,0,0.9,0,1.3-0.2v6.3c0,0.4,0.4,0.8,0.8,0.8h2.2v3.7c0,0.5,0.4,0.8,0.8,0.8h4.5   c0.5,0,0.8-0.4,0.8-0.8v-3.7h2.2c0.5,0,0.8-0.4,0.8-0.8v-5.5v-13V6.6h0.9c0.5,0,0.8-0.4,0.8-0.8V1.4c0-0.5-0.4-0.8-0.8-0.8h-14   c-0.5,0-0.8,0.4-0.8,0.8v4.4c0,0.5,0.4,0.8,0.8,0.8H26v5.4c-0.4-0.1-0.8-0.1-1.3-0.1c-2.5,0-4.7,1.6-5.5,3.9   c-7,1.3-12.4,7.4-12.4,14.8c0,8.3,6.8,15.1,15.1,15.1h1.1v2.4c-4.2,0.7-8.2,2.2-11.5,4.5c-0.4,0.3-0.4,0.8-0.2,1.1   s0.8,0.4,1.1,0.2c3.3-2.3,7.3-3.8,11.5-4.4l0,0c0.4-0.1,0.7-0.1,1.1-0.1c0.3,0,0.5,0,0.8-0.1c0.5,0,1-0.1,1.5-0.1   c0.3,0,0.6,0,0.9,0c0.5,0,0.9,0,1.3,0c0.3,0,0.6,0,0.9,0c0.5,0,1,0.1,1.5,0.1c0.3,0,0.5,0,0.8,0.1c0.4,0,0.7,0.1,1.1,0.1l0,0   C38,50.3,42,51.7,45.3,54c0.1,0.1,0.3,0.2,0.5,0.2c0.3,0,0.5-0.1,0.7-0.3c0.3-0.4,0.2-0.9-0.2-1.1C42.9,50.4,39,48.9,34.7,48.2z    M33.6,33.4h-2.9v-2.9h2.9V33.4z M36.6,23.4H34V12.1h2.6V23.4z M25.9,2.2h12.4V5h-0.9H26.9h-0.9V2.2z M27.6,6.6h8.9v3.8h-3.4   c-0.5,0-0.8,0.4-0.8,0.8v13c0,0.4,0.4,0.8,0.8,0.8h3.4v3.8h-2.2h-4.5h-2.2v-6.1c1.7-1,2.9-2.9,2.9-5s-1.2-4-2.9-5   C27.7,12.7,27.7,6.6,27.6,6.6z M24.8,13.6c2.3,0,4.2,1.9,4.2,4.2S27.1,22,24.8,22s-4.2-1.9-4.2-4.2S22.4,13.6,24.8,13.6z    M8.5,30.6c0-6.4,4.5-11.7,10.4-13.1c0,0.1,0,0.1,0,0.2c0,0.8,0.2,1.6,0.5,2.3c-4.8,1.2-8.3,5.4-8.3,10.6c0,6,4.9,10.9,10.9,10.9   h1.9c0,0,0,0,0,0h9.2v6.4c-2.8-0.4-5.6-0.4-8.4,0v-3c0-0.4-0.4-0.8-0.8-0.8H22C14.6,44.1,8.5,38.1,8.5,30.6z\"><\/path>\t<\/g>\t<g class=\"st1\">\t\t<path class=\"st2\" d=\"M24.8,18.6c0.5,0,0.8-0.4,0.8-0.8c0-0.4-0.4-0.8-0.8-0.8c-0.5,0-0.8,0.4-0.8,0.8   C23.9,18.2,24.3,18.6,24.8,18.6z\"><\/path>\t<\/g><\/g><g class=\"st0\">\t<g class=\"st1\">\t\t<path class=\"st2\" d=\"M51.5,31.8c-1.2-0.6-2.5-1.2-3.9-1.7c2-3,3.2-6.7,3.2-10.7c0-9.2-5.1-19-16.3-19c-2.5,0-4.8,0.5-6.7,1.4   c-1.5-0.4-3.2-0.7-5-0.7c-8,0-13.2,4.7-13.2,11.9c0,1,0.1,2.1,0.3,3c-0.4,0.8-0.5,1.7-0.4,2.7c0.1,1.3,0.7,2.5,1.4,3.2   c0.4,0.3,0.8,0.5,1.2,0.5c0.9,3,2.5,5.5,4.7,7.2c-0.3,1.2-0.8,2.3-1.7,3.2c-1.6,0.3-2.7,0.5-2.7,0.5c-0.7,0.2-1.4,0.4-2.3,0.7   c-1.9,0.6-3.6,1.3-5.1,2.1c-2.8,1.4-4.5,4.2-4.5,7.3v2.2c0,2.1,1.1,3.9,2.9,4.9c3.5,1.9,9.7,4.1,19.4,4.1s15.9-2.2,19.4-4.1   c0.9-0.5,1.6-1.1,2.1-1.9c3.9-0.8,6.8-1.9,8.7-3c1.7-0.9,2.8-2.7,2.8-4.7v-2.1C55.8,35.8,54.2,33.1,51.5,31.8z M34.6,2   c10,0,14.6,9,14.6,17.4c0,3.8-1.2,7.3-3.2,10.1c-0.5-0.1-1-0.3-1.5-0.4c-0.8-0.3-1.7-0.5-2.6-0.6c-0.8-0.8-1.3-1.8-1.5-2.9   c1.8-1.5,3.1-3.7,3.9-6.1c0.4,0,0.7-0.2,1-0.5c0.7-0.6,1.2-1.7,1.3-2.9c0.2-1.9-0.6-3.4-1.9-3.8c-0.4-0.1-0.8-0.1-1.1-0.1   c-0.3-0.9-1-2.1-2.3-2.9c-1.6-1-3.5-1.1-5.8-0.3c-0.9-2.8-2.7-4.9-5.3-6.2C31.5,2.3,33,2,34.6,2z M35.5,34   c-0.9-0.3-1.6-0.5-2.3-0.7c-0.9-0.3-1.8-0.5-2.8-0.6c-0.8-0.9-1.4-1.9-1.6-3.1c0.9-0.7,1.6-1.5,2.3-2.4c1.1,0.5,2.2,0.8,3.4,0.8   c1.5,0,3-0.4,4.3-1.2c0.3,1,0.9,2,1.7,2.9c-0.1,1.3-1.2,3.3-2.5,5.4C37.2,34.6,36.4,34.3,35.5,34z M36.1,18.7   c0.1-1-0.1-1.9-0.4-2.6c0.2-1,0.3-2,0.3-3.1c0-0.8-0.1-1.6-0.2-2.4c1.7-0.6,3.1-0.6,4.2,0c1.6,0.9,2.1,2.7,2.1,2.9   c0,0.2,0.2,0.4,0.3,0.6c0.2,0.1,0.5,0.2,0.8,0.1c0,0,0.1-0.1,0.3-0.1c0.2-0.1,0.4-0.2,0.7-0.1c0.4,0.1,0.8,0.9,0.7,2   c-0.1,0.9-0.4,1.5-0.7,1.8c-0.1,0.1-0.2,0.1-0.2,0.1c-0.2-0.1-0.5-0.1-0.7,0s-0.4,0.3-0.5,0.5c-0.7,2.8-2.1,5.1-4.1,6.5   c-2,1.4-4.4,1.7-6.6,0.9c0.6-1,1.1-2.1,1.4-3.4c0.4,0,0.8-0.2,1.2-0.5C35.5,21.3,36,20.1,36.1,18.7z M22.9,2.8   c7.1,0,11.5,3.9,11.5,10.2c0,0.6-0.1,1.1-0.1,1.7c-0.1,0-0.1-0.1-0.2-0.1c-0.5-0.1-0.9-0.1-1.3,0c-0.2-0.6-0.5-1.5-1.1-3   c0,0,0-0.1,0-0.1c0-0.1,0-0.1-0.1-0.1c0-0.1-0.1-0.1-0.1-0.1c0,0,0-0.1,0-0.1c0,0-0.1-0.1-0.1-0.1l0,0c-2.5-1.8-6.4-1.7-8.9,0.1   c-1.9,1.4-5.2,1.4-7.1,0c0,0-0.1-0.1-0.1-0.1c0,0-0.1-0.1-0.1-0.1c0,0,0,0-0.1,0c-0.1,0-0.1,0-0.2,0c-0.1,0-0.1,0-0.2,0   c-0.1,0-0.1,0-0.1,0.1c-0.1,0-0.1,0-0.2,0.1c0,0-0.1,0.1-0.1,0.1c0,0.1-0.1,0.1-0.1,0.1c0,0,0,0,0,0.1c0,0,0,0.1-0.1,0.1   c0,0,0,0.1-0.1,0.1c-0.5,1.5-0.9,2.4-1.1,3c-0.4-0.1-0.8-0.1-1.3,0c-0.1,0-0.1,0.1-0.1,0.1c-0.1-0.6-0.1-1.1-0.1-1.7   C11.4,6.7,15.8,2.8,22.9,2.8z M13.5,21.3c-0.1-0.3-0.3-0.5-0.5-0.5c-0.2-0.1-0.5-0.1-0.8,0c-0.1,0-0.2-0.1-0.3-0.1   c-0.3-0.3-0.7-0.9-0.8-2c-0.1-1.4,0.4-2.3,0.9-2.4c0.4-0.1,0.7,0,0.9,0.1c0.1,0.1,0.2,0.1,0.3,0.1c0.3,0.1,0.5,0,0.8-0.1   c0.2-0.1,0.3-0.3,0.3-0.6c0.1-0.3,0.5-1.4,0.9-2.7c1.1,0.5,2.3,0.8,3.6,0.8c1.6,0,3.3-0.5,4.5-1.4c1.9-1.3,5-1.4,6.9-0.1   c0.5,1.5,1.1,3.1,1.2,3.4c0,0.3,0.1,0.4,0.3,0.6c0.2,0.1,0.5,0.2,0.7,0.1c0,0,0.1,0,0.3-0.1c0.2-0.1,0.5-0.3,0.9-0.1   c0.4,0.1,1,0.9,0.8,2.4c-0.1,1.1-0.5,1.7-0.8,2c-0.1,0-0.2,0.1-0.3,0.1c-0.2-0.1-0.5-0.1-0.7,0c-0.2,0.1-0.4,0.3-0.5,0.6   c-0.8,3.1-2.4,5.6-4.6,7.2c-2.9,2.1-6.5,2.1-9.4,0C16,26.9,14.3,24.3,13.5,21.3z M18.3,30.6c1.4,0.8,3,1.2,4.5,1.2   c1.6,0,3.1-0.4,4.5-1.2c0.4,1.2,1,2.3,1.8,3.2c-0.4,1.3-3.4,3.8-6.3,5.6c-2.9-1.8-5.9-4.3-6.3-5.6C17.3,32.8,18,31.7,18.3,30.6z    M2.2,45.6v-2.2c0-2.4,1.4-4.7,3.6-5.8c1.5-0.8,3.1-1.4,4.9-2c0.8-0.3,1.5-0.5,2.2-0.7c0,0,0.8-0.2,2.2-0.4c1.1,2.4,5.4,5.3,7,6.3   v12C12.7,52.7,6.9,50.4,4.2,49C3,48.3,2.2,47,2.2,45.6z M43.5,45.6c0,1.4-0.8,2.7-2,3.4c-2.7,1.4-8.4,3.7-17.8,3.8v-12   c1.6-1,6-3.9,7-6.4c0.7,0.2,1.4,0.3,2.1,0.5c0.7,0.2,1.4,0.4,2.2,0.7c1.8,0.6,3.4,1.2,4.9,2c2.2,1.1,3.6,3.3,3.6,5.8L43.5,45.6   L43.5,45.6z M54.2,40.9c0,1.4-0.7,2.6-1.9,3.2c-1.4,0.8-3.8,1.8-7.2,2.6c0.1-0.3,0.1-0.7,0.1-1v-2.2c0-0.5-0.1-1-0.2-1.5   c1.5-0.3,2.9-0.7,4.2-1.2c0.5-0.2,0.7-0.6,0.5-1.1c-0.2-0.5-0.6-0.7-1.1-0.5c-1.3,0.5-2.7,0.8-4.2,1.1c-0.7-1.8-2.1-3.3-3.8-4.2   c-0.3-0.2-0.7-0.4-1.1-0.5c1.2-1.9,2.2-3.8,2.5-5.3c0.7,0.1,1.3,0.3,1.9,0.5c0.7,0.1,1.3,0.4,2.1,0.6c1.7,0.6,3.3,1.2,4.7,1.9   c2.1,1.1,3.4,3.2,3.4,5.5V40.9z\"><\/path>\t<\/g>\t<g class=\"st1\">\t\t<path class=\"st2\" d=\"M38.7,43.9c-2.1,0.7-4.3,1.3-6.8,1.7c-0.5,0.1-0.8,0.5-0.7,1c0.1,0.4,0.4,0.7,0.8,0.7c0,0,0.1,0,0.1,0   c2.5-0.4,4.9-1,7-1.8c0.4-0.2,0.7-0.7,0.5-1.1C39.6,44,39.1,43.8,38.7,43.9z\"><\/path>\t<\/g><\/g><g>\t<path class=\"st3\" d=\"M46.6,35.9c-1.5-0.8-3.3-1.5-5.1-2.1c-0.9-0.3-1.6-0.5-2.3-0.7c-0.9-0.3-1.9-0.5-2.8-0.7  c-0.8-0.9-1.4-2-1.6-3.2c2.2-1.7,3.8-4.2,4.7-7.2c0.4,0,0.8-0.2,1.2-0.5c0.8-0.7,1.3-1.8,1.4-3.2c0.1-1-0.1-1.9-0.4-2.6  c0.2-1,0.4-2,0.4-3.1c0-7.2-5.2-11.9-13.2-11.9c-8,0-13.2,4.7-13.2,11.9c0,1.1,0.1,2.1,0.3,3.1c-0.4,0.7-0.6,1.7-0.5,2.7  c0.1,1.3,0.6,2.5,1.4,3.2c0.4,0.3,0.8,0.5,1.2,0.5c0.9,3,2.6,5.5,4.7,7.2c-0.3,1.3-0.8,2.4-1.7,3.3c-1.6,0.3-2.7,0.5-2.7,0.6  c-0.7,0.2-1.4,0.4-2.3,0.7c-1.9,0.6-3.6,1.3-5.1,2.1c-2.7,1.4-4.5,4.2-4.5,7.3v2.2c0,2.1,1.1,3.9,2.9,4.9c3.5,1.8,9.7,4,19.4,4  c9.7,0,15.9-2.2,19.4-4c1.8-1,2.9-2.8,2.9-4.9v-2.2C51.1,40,49.4,37.3,46.6,35.9z M28.7,2.3c7.1,0,11.6,3.9,11.6,10.3  c0,0.6,0,1.2-0.1,1.7c-0.1,0-0.1-0.1-0.2-0.1c-0.5-0.1-0.9-0.1-1.3,0c-0.2-0.6-0.5-1.5-1.1-3.1c0,0,0,0,0,0c0,0,0-0.1-0.1-0.1  c0,0-0.1-0.1-0.1-0.1c0,0,0,0,0-0.1c-2.5-1.8-6.5-1.8-9.1,0c-2,1.4-5.2,1.4-7.2,0c0,0-0.1,0-0.1,0c0,0-0.1,0-0.1-0.1c0,0,0,0,0,0  c0,0-0.1,0-0.2,0c0,0-0.1,0-0.2,0c0,0-0.1,0-0.1,0c-0.1,0-0.1,0-0.2,0c0,0-0.1,0-0.1,0.1c0,0-0.1,0.1-0.1,0.1c0,0,0,0,0,0  c0,0,0,0.1,0,0.1c0,0,0,0.1-0.1,0.1c-0.6,1.5-0.9,2.5-1.1,3.1c-0.4-0.1-0.8-0.1-1.3,0c-0.1,0-0.1,0-0.2,0.1  c-0.1-0.6-0.1-1.1-0.1-1.7C17.2,6.3,21.6,2.3,28.7,2.3z M19.4,20.9c-0.1-0.2-0.3-0.4-0.5-0.5c-0.2-0.1-0.5-0.1-0.7,0  c-0.1,0-0.2-0.1-0.3-0.1c-0.3-0.3-0.7-1-0.8-2.1c-0.1-1.3,0.4-2.3,0.9-2.4c0.4-0.1,0.7,0,0.9,0.1C18.9,16,19,16,19,16.1  c0.2,0.1,0.5,0,0.7-0.1c0.2-0.1,0.3-0.3,0.3-0.6c0.1-0.3,0.5-1.5,0.9-2.8c1.1,0.5,2.3,0.8,3.6,0.8c1.6,0,3.3-0.5,4.5-1.4  c1.9-1.4,5-1.4,7-0.1c0.5,1.5,1.1,3.1,1.2,3.4c0,0.2,0.1,0.4,0.3,0.6c0.2,0.1,0.5,0.2,0.7,0.1c0.1,0,0.1,0,0.3-0.1  c0.2-0.1,0.5-0.2,0.9-0.1c0.5,0.1,1,1.1,0.9,2.4c-0.1,1.1-0.5,1.8-0.8,2.1c-0.1,0-0.2,0.1-0.4,0.1c-0.2-0.1-0.5-0.1-0.7,0  c-0.2,0.1-0.4,0.3-0.4,0.5c-0.8,3.1-2.4,5.7-4.6,7.3c-2.9,2.1-6.6,2.1-9.5,0C21.8,26.6,20.2,24,19.4,20.9z M24.2,30.2  c1.4,0.8,3,1.2,4.6,1.2c1.6,0,3.1-0.4,4.6-1.2c0.4,1.2,1,2.3,1.8,3.3c-0.4,1.3-3.4,3.8-6.4,5.7c-3-1.8-6-4.3-6.4-5.7  C23.2,32.5,23.8,31.4,24.2,30.2z M8,45.3v-2.2c0-2.5,1.4-4.7,3.6-5.8c1.5-0.8,3.1-1.4,4.9-2c0,0,0.1,0,0.1,0  c-0.3,1.1-0.5,2.1-0.6,3.2c-2,0.6-3.3,2.4-3,4.5l0.3,2.6C13,46,13,46.5,13.2,46.9c0.3,0.6,1.1,0.8,1.7,0.4c0.6-0.3,0.8-1.1,0.4-1.7  c-0.1-0.2-0.3-0.4-0.5-0.5l-0.3-2.5c-0.2-1.4,0.8-2.6,2.2-2.8c1.4-0.2,2.7,0.8,2.8,2.2l0.3,2.4c-0.2,0.1-0.3,0.3-0.4,0.6  c-0.2,0.7,0.2,1.3,0.8,1.5c0.7,0.2,1.3-0.2,1.5-0.8c0.1-0.5,0-1-0.4-1.3L21.2,42c-0.2-1.9-1.8-3.3-3.6-3.6c0.2-1.3,0.4-2.5,0.8-3.7  c0.1,0,0.2,0,0.3-0.1c0,0,0.9-0.2,2.2-0.5c1,2.5,5.4,5.3,7,6.3v12.1c-9.4-0.1-15.2-2.5-17.9-3.9C8.8,48.1,8,46.8,8,45.3z   M49.5,45.3c0,1.4-0.8,2.8-2,3.4c-2.7,1.4-8.5,3.7-17.9,3.9V40.5c1.6-1,6.1-4,7-6.4c0.7,0.1,1.5,0.3,2.2,0.5c0.1,0,0.1,0,0.2,0  c0.5,1.7,0.8,3.4,0.9,5.2c-1.2,0.4-2.1,1.5-2.1,2.9c0,1.7,1.4,3.1,3,3.1c1.7,0,3-1.4,3-3.1c0-1.4-1-2.7-2.4-3  c-0.2-1.6-0.4-3.1-0.7-4.5c0.1,0,0.1,0,0.2,0.1c1.8,0.6,3.4,1.3,4.9,2c2.2,1.1,3.6,3.4,3.6,5.8V45.3z M40.8,41.3  c0.8,0,1.4,0.7,1.4,1.4c0,0.8-0.6,1.4-1.4,1.4c-0.8,0-1.4-0.6-1.4-1.4C39.4,42,40.1,41.3,40.8,41.3z\"><\/path><\/g><\/svg>\t\t\t<\/div>\n\t\t<\/div>\n\t\t\t\t<\/div>\n\t\t\t\t<\/div>\n\t\t\t\t<div class=\"elementor-element elementor-element-81e01bd elementor-widget__width-auto stax-condition-yes stax-user_role_enabled-yes elementor-widget elementor-widget-heading\" data-id=\"81e01bd\" data-element_type=\"widget\" data-widget_type=\"heading.default\">\n\t\t\t\t<div class=\"elementor-widget-container\">\n\t\t\t<style>\/*! elementor - v3.21.0 - 26-05-2024 *\/\n.elementor-heading-title{padding:0;margin:0;line-height:1}.elementor-widget-heading .elementor-heading-title[class*=elementor-size-]>a{color:inherit;font-size:inherit;line-height:inherit}.elementor-widget-heading .elementor-heading-title.elementor-size-small{font-size:15px}.elementor-widget-heading .elementor-heading-title.elementor-size-medium{font-size:19px}.elementor-widget-heading .elementor-heading-title.elementor-size-large{font-size:29px}.elementor-widget-heading .elementor-heading-title.elementor-size-xl{font-size:39px}.elementor-widget-heading .elementor-heading-title.elementor-size-xxl{font-size:59px}<\/style><h2 class=\"elementor-heading-title elementor-size-default\">Registered and logged in customers can track the status and history of their orders.<\/h2>\t\t<\/div>\n\t\t\t\t<\/div>\n\t\t\t\t<div class=\"elementor-element elementor-element-8314f50 elementor-widget__width-auto stax-condition-yes stax-user_role_enabled-yes elementor-widget elementor-widget-button\" data-id=\"8314f50\" data-element_type=\"widget\" data-widget_type=\"button.default\">\n\t\t\t\t<div class=\"elementor-widget-container\">\n\t\t\t\t\t<div class=\"elementor-button-wrapper\">\n\t\t\t<a class=\"elementor-button elementor-button-link elementor-size-sm\" href=\"https:\/\/autentus.eu\/en\/paskyra\/\">\n\t\t\t\t\t\t<span class=\"elementor-button-content-wrapper\">\n\t\t\t\t\t\t\t\t\t<span class=\"elementor-button-text\">Log in<\/span>\n\t\t\t\t\t<\/span>\n\t\t\t\t\t<\/a>\n\t\t<\/div>\n\t\t\t\t<\/div>\n\t\t\t\t<\/div>\n\t\t\t\t\t<\/div>\n\t\t<\/div>\n\t\t\t\t\t<\/div>\n\t\t<\/section>\n\t\t\t\t<section class=\"elementor-section elementor-top-section elementor-element elementor-element-905b9ab elementor-section-boxed elementor-section-height-default elementor-section-height-default elementor-invisible\" data-id=\"905b9ab\" data-element_type=\"section\" data-settings=\"{&quot;animation&quot;:&quot;fadeInDown&quot;}\">\n\t\t\t\t\t\t<div class=\"elementor-container elementor-column-gap-default\">\n\t\t\t\t\t<div class=\"elementor-column elementor-col-100 elementor-top-column elementor-element elementor-element-8ba4ecc\" data-id=\"8ba4ecc\" data-element_type=\"column\">\n\t\t\t<div class=\"elementor-widget-wrap elementor-element-populated\">\n\t\t\t\t\t\t<div class=\"elementor-element elementor-element-d67d7b5 elementor-widget elementor-widget-heading\" data-id=\"d67d7b5\" data-element_type=\"widget\" data-widget_type=\"heading.default\">\n\t\t\t\t<div class=\"elementor-widget-container\">\n\t\t\t<h1 class=\"elementor-heading-title elementor-size-default\">Order<\/h1><style>\/*! elementor - v3.21.0 - 26-05-2024 *\/\n.elementor-heading-title{padding:0;margin:0;line-height:1}.elementor-widget-heading .elementor-heading-title[class*=elementor-size-]>a{color:inherit;font-size:inherit;line-height:inherit}.elementor-widget-heading .elementor-heading-title.elementor-size-small{font-size:15px}.elementor-widget-heading .elementor-heading-title.elementor-size-medium{font-size:19px}.elementor-widget-heading .elementor-heading-title.elementor-size-large{font-size:29px}.elementor-widget-heading .elementor-heading-title.elementor-size-xl{font-size:39px}.elementor-widget-heading .elementor-heading-title.elementor-size-xxl{font-size:59px}<\/style>\t\t<\/div>\n\t\t\t\t<\/div>\n\t\t\t\t\t<\/div>\n\t\t<\/div>\n\t\t\t\t\t<\/div>\n\t\t<\/section>\n\t\t\t\t<section class=\"elementor-section elementor-top-section elementor-element elementor-element-0c9253d elementor-section-boxed elementor-section-height-default elementor-section-height-default elementor-invisible\" data-id=\"0c9253d\" data-element_type=\"section\" data-settings=\"{&quot;animation&quot;:&quot;fadeIn&quot;}\">\n\t\t\t\t\t\t<div class=\"elementor-container elementor-column-gap-default\">\n\t\t\t\t\t<div class=\"elementor-column elementor-col-100 elementor-top-column elementor-element elementor-element-fcf60d1\" data-id=\"fcf60d1\" data-element_type=\"column\">\n\t\t\t<div class=\"elementor-widget-wrap elementor-element-populated\">\n\t\t\t\t\t\t<div class=\"elementor-element elementor-element-ea84720 elementor-widget elementor-widget-shortcode\" data-id=\"ea84720\" data-element_type=\"widget\" data-widget_type=\"shortcode.default\">\n\t\t\t\t<div class=\"elementor-widget-container\">\n\t\t\t\t\t<div class=\"elementor-shortcode\"><div class=\"woocommerce\"><\/div><\/div>\n\t\t\t\t<\/div>\n\t\t\t\t<\/div>\n\t\t\t\t\t<\/div>\n\t\t<\/div>\n\t\t\t\t\t<\/div>\n\t\t<\/section>\n\t\t\t\t<\/div>","protected":false},"excerpt":{"rendered":"<p>&nbsp; &nbsp; J\u016bs pateikiate u\u017esakym\u0105, kaip prisijung\u0119s klientas, savo u\u017esakymo status\u0105 ir istorij\u0105 galite per\u017ei\u016breti \u010dia: Paskyra U\u017esakymas<\/p>","protected":false},"author":1,"featured_media":0,"parent":0,"menu_order":0,"comment_status":"closed","ping_status":"closed","template":"elementor_header_footer","meta":{"site-sidebar-layout":"no-sidebar","site-content-layout":"default","ast-site-content-layout":"","site-content-style":"default","site-sidebar-style":"default","ast-global-header-display":"","ast-banner-title-visibility":"","ast-main-header-display":"","ast-hfb-above-header-display":"","ast-hfb-below-header-display":"","ast-hfb-mobile-header-display":"","site-post-title":"disabled","ast-breadcrumbs-content":"","ast-featured-img":"","footer-sml-layout":"","theme-transparent-header-meta":"default","adv-header-id-meta":"","stick-header-meta":"","header-above-stick-meta":"","header-main-stick-meta":"","header-below-stick-meta":"","astra-migrate-meta-layouts":"default","ast-page-background-enabled":"default","ast-page-background-meta":{"desktop":{"background-color":"","background-image":"","background-repeat":"repeat","background-position":"center center","background-size":"auto","background-attachment":"scroll","background-type":"","background-media":"","overlay-type":"","overlay-color":"","overlay-opacity":"","overlay-gradient":""},"tablet":{"background-color":"","background-image":"","background-repeat":"repeat","background-position":"center center","background-size":"auto","background-attachment":"scroll","background-type":"","background-media":"","overlay-type":"","overlay-color":"","overlay-opacity":"","overlay-gradient":""},"mobile":{"background-color":"","background-image":"","background-repeat":"repeat","background-position":"center center","background-size":"auto","background-attachment":"scroll","background-type":"","background-media":"","overlay-type":"","overlay-color":"","overlay-opacity":"","overlay-gradient":""}},"ast-content-background-meta":{"desktop":{"background-color":"var(--ast-global-color-5)","background-image":"","background-repeat":"repeat","background-position":"center center","background-size":"auto","background-attachment":"scroll","background-type":"","background-media":"","overlay-type":"","overlay-color":"","overlay-opacity":"","overlay-gradient":""},"tablet":{"background-color":"var(--ast-global-color-5)","background-image":"","background-repeat":"repeat","background-position":"center center","background-size":"auto","background-attachment":"scroll","background-type":"","background-media":"","overlay-type":"","overlay-color":"","overlay-opacity":"","overlay-gradient":""},"mobile":{"background-color":"var(--ast-global-color-5)","background-image":"","background-repeat":"repeat","background-position":"center center","background-size":"auto","background-attachment":"scroll","background-type":"","background-media":"","overlay-type":"","overlay-color":"","overlay-opacity":"","overlay-gradient":""}},"footnotes":""},"class_list":["post-2055","page","type-page","status-publish","hentry"],"aioseo_notices":[],"_links":{"self":[{"href":"https:\/\/autentus.eu\/en\/wp-json\/wp\/v2\/pages\/2055","targetHints":{"allow":["GET"]}}],"collection":[{"href":"https:\/\/autentus.eu\/en\/wp-json\/wp\/v2\/pages"}],"about":[{"href":"https:\/\/autentus.eu\/en\/wp-json\/wp\/v2\/types\/page"}],"author":[{"embeddable":true,"href":"https:\/\/autentus.eu\/en\/wp-json\/wp\/v2\/users\/1"}],"replies":[{"embeddable":true,"href":"https:\/\/autentus.eu\/en\/wp-json\/wp\/v2\/comments?post=2055"}],"version-history":[{"count":71,"href":"https:\/\/autentus.eu\/en\/wp-json\/wp\/v2\/pages\/2055\/revisions"}],"predecessor-version":[{"id":3390,"href":"https:\/\/autentus.eu\/en\/wp-json\/wp\/v2\/pages\/2055\/revisions\/3390"}],"wp:attachment":[{"href":"https:\/\/autentus.eu\/en\/wp-json\/wp\/v2\/media?parent=2055"}],"curies":[{"name":"wp","href":"https:\/\/api.w.org\/{rel}","templated":true}]}}